{"id":37,"date":"2019-09-24T00:14:59","date_gmt":"2019-09-23T22:14:59","guid":{"rendered":"http:\/\/ichthus.fr\/wordpress\/?page_id=37"},"modified":"2023-01-31T10:00:56","modified_gmt":"2023-01-31T09:00:56","slug":"la-promesse-des-eclaireurs-eclaireuses","status":"publish","type":"page","link":"https:\/\/ichthus.fr\/wordpress\/eclaireurs-eclaireuses\/la-promesse-des-eclaireurs-eclaireuses\/","title":{"rendered":"La promesse des \u00e9claireurs-\u00e9claireuses"},"content":{"rendered":"\n<p class=\"has-text-align-left\">La vie de l\u2019\u00e9claireur est marqu\u00e9e par le moment o\u00f9 il s\u2019engage. Le jeune comprend le fonctionnement de la troupe et y adh\u00e8re. Accompagn\u00e9 de son Chef de Patrouille qui sera l\u00e0 pour l\u2019aider dans son engagement, c\u2019est devant les \u00e9claireurs et les responsables, qu\u2019il passe sa promesse.<\/p>\n\n\n\n<div class=\"wp-block-group is-vertical is-content-justification-center is-layout-flex wp-container-core-group-is-layout-4b2eccd6 wp-block-group-is-layout-flex\">\n<p>\u00a0\u00bb\u00a0Je promets de faire tout mon possible pour :<\/p>\n\n\n\n<div class=\"wp-block-group\"><div class=\"wp-block-group__inner-container is-layout-flow wp-block-group-is-layout-flow\">\n<div class=\"wp-block-group is-vertical is-content-justification-center is-layout-flex wp-container-core-group-is-layout-4b2eccd6 wp-block-group-is-layout-flex\">\n<p>\u00e9couter la Parole de Dieu,<\/p>\n\n\n\n<p class=\"has-text-align-center\">me mettre au service des autres,<\/p>\n\n\n\n<p class=\"has-text-align-center\">vivre la loi des \u00e9claireurs.\u00a0\u00bb<\/p>\n<\/div>\n<\/div><\/div>\n\n\n\n<p><\/p>\n<\/div>\n\n\n\n<p>Ce n\u2019est qu\u2019\u00e0 ce moment que le jeune devient r\u00e9ellement \u00e9claireurs, car il a pris la d\u00e9cision de s\u2019engager aupr\u00e8s de la Troupe. Il y aura des d\u00e9faillances, mais avec l\u2019aide des membres de sa patrouille, l\u2019\u00e9claireur progressera.<\/p>\n\n\n\n<p>Pour symboliser cet engagement :<\/p>\n\n\n\n<p>Le jeune fait le n\u0153ud carr\u00e9 \u00e0 son foulard. Il peut faire le salut de l\u2019\u00e9claireur. En levant sa main, droite, il serre l\u2019index, le majeur et l\u2019annulaire, tandis que le pouce repose sur l\u2019auriculaire pli\u00e9. Ces deux derniers repr\u00e9sentent le fort qui prot\u00e8ge le faible. Les trois doigts du milieu repr\u00e9sentent les trois points de la promesse.<\/p>\n\n\n\n<p>Il re\u00e7oit l\u2019\u00e9cusson de promesse qu\u2019il coud sur la poche gauche de sa chemise, pr\u00e8s de son c\u0153ur. C\u2019est un engagement qu\u2019il veut vivre au quotidien.<\/p>\n","protected":false},"excerpt":{"rendered":"<p>La vie de l\u2019\u00e9claireur est marqu\u00e9e par le moment o\u00f9 il s\u2019engage. Le jeune comprend le fonctionnement de la troupe et y adh\u00e8re. Accompagn\u00e9 de son Chef de Patrouille qui sera l\u00e0 pour l\u2019aider dans son engagement, c\u2019est devant les \u00e9claireurs et les responsables, qu\u2019il passe sa promesse. \u00a0\u00bb\u00a0Je promets de faire tout mon possible &hellip; <\/p>\n<p class=\"link-more\"><a href=\"https:\/\/ichthus.fr\/wordpress\/eclaireurs-eclaireuses\/la-promesse-des-eclaireurs-eclaireuses\/\" class=\"more-link\">Continuer la lecture<span class=\"screen-reader-text\"> de &laquo;&nbsp;La promesse des \u00e9claireurs-\u00e9claireuses&nbsp;&raquo;<\/span><\/a><\/p>\n","protected":false},"author":1,"featured_media":0,"parent":31,"menu_order":2,"comment_status":"closed","ping_status":"closed","template":"","meta":{"footnotes":""},"class_list":["post-37","page","type-page","status-publish","hentry"],"_links":{"self":[{"href":"https:\/\/ichthus.fr\/wordpress\/wp-json\/wp\/v2\/pages\/37","targetHints":{"allow":["GET"]}}],"collection":[{"href":"https:\/\/ichthus.fr\/wordpress\/wp-json\/wp\/v2\/pages"}],"about":[{"href":"https:\/\/ichthus.fr\/wordpress\/wp-json\/wp\/v2\/types\/page"}],"author":[{"embeddable":true,"href":"https:\/\/ichthus.fr\/wordpress\/wp-json\/wp\/v2\/users\/1"}],"replies":[{"embeddable":true,"href":"https:\/\/ichthus.fr\/wordpress\/wp-json\/wp\/v2\/comments?post=37"}],"version-history":[{"count":5,"href":"https:\/\/ichthus.fr\/wordpress\/wp-json\/wp\/v2\/pages\/37\/revisions"}],"predecessor-version":[{"id":800,"href":"https:\/\/ichthus.fr\/wordpress\/wp-json\/wp\/v2\/pages\/37\/revisions\/800"}],"up":[{"embeddable":true,"href":"https:\/\/ichthus.fr\/wordpress\/wp-json\/wp\/v2\/pages\/31"}],"wp:attachment":[{"href":"https:\/\/ichthus.fr\/wordpress\/wp-json\/wp\/v2\/media?parent=37"}],"curies":[{"name":"wp","href":"https:\/\/api.w.org\/{rel}","templated":true}]}}