{"id":33,"date":"2019-09-24T00:13:07","date_gmt":"2019-09-23T22:13:07","guid":{"rendered":"http:\/\/ichthus.fr\/wordpress\/?page_id=33"},"modified":"2019-09-24T22:42:03","modified_gmt":"2019-09-24T20:42:03","slug":"la-loi-des-eclaireurs-eclaireuses","status":"publish","type":"page","link":"https:\/\/ichthus.fr\/wordpress\/eclaireurs-eclaireuses\/la-loi-des-eclaireurs-eclaireuses\/","title":{"rendered":"La loi des \u00e9claireurs &#8211; \u00e9claireuses"},"content":{"rendered":"\n<p>Lors de la promesse, l\u2019\u00e9claireur s\u2019engage entre autres \u00e0 faire tout son possible pour vivre la loi des \u00e9claireurs. Voici la loi qu\u2019il promet de suivre :<\/p>\n\n\n\n<p>Une \u00e9claireuses, un \u00e9claireur&#8230;<\/p>\n\n\n\n<ul class=\"wp-block-list\"><li>tient parole et ne fait rien \u00e0 moiti\u00e9, on peut lui faire confiance,<\/li><li>r\u00e9fl\u00e9chit avant d&rsquo;agir, est responsable de ses actes,<\/li><li>vit en \u00e9quipe, apprend \u00e0 \u00e9couter et \u00e0 partager,<\/li><li>d\u00e9veloppe ses comp\u00e9tences et les met au service des autres,<\/li><li>respecte, conna\u00eet et prot\u00e8ge la nature,<\/li><li>prend soin de son corps et de sa sant\u00e9,<\/li><li>conserve bonne humeur et ma\u00eetrise de soi, m\u00eame dans les difficult\u00e9s.<\/li><\/ul>\n\n\n\n<p><\/p>\n","protected":false},"excerpt":{"rendered":"<p>Lors de la promesse, l\u2019\u00e9claireur s\u2019engage entre autres \u00e0 faire tout son possible pour vivre la loi des \u00e9claireurs. Voici la loi qu\u2019il promet de suivre : Une \u00e9claireuses, un \u00e9claireur&#8230; tient parole et ne fait rien \u00e0 moiti\u00e9, on peut lui faire confiance, r\u00e9fl\u00e9chit avant d&rsquo;agir, est responsable de ses actes, vit en \u00e9quipe, &hellip; <\/p>\n<p class=\"link-more\"><a href=\"https:\/\/ichthus.fr\/wordpress\/eclaireurs-eclaireuses\/la-loi-des-eclaireurs-eclaireuses\/\" class=\"more-link\">Continuer la lecture<span class=\"screen-reader-text\"> de &laquo;&nbsp;La loi des \u00e9claireurs &#8211; \u00e9claireuses&nbsp;&raquo;<\/span><\/a><\/p>\n","protected":false},"author":1,"featured_media":0,"parent":31,"menu_order":1,"comment_status":"closed","ping_status":"closed","template":"","meta":{"footnotes":""},"class_list":["post-33","page","type-page","status-publish","hentry"],"_links":{"self":[{"href":"https:\/\/ichthus.fr\/wordpress\/wp-json\/wp\/v2\/pages\/33","targetHints":{"allow":["GET"]}}],"collection":[{"href":"https:\/\/ichthus.fr\/wordpress\/wp-json\/wp\/v2\/pages"}],"about":[{"href":"https:\/\/ichthus.fr\/wordpress\/wp-json\/wp\/v2\/types\/page"}],"author":[{"embeddable":true,"href":"https:\/\/ichthus.fr\/wordpress\/wp-json\/wp\/v2\/users\/1"}],"replies":[{"embeddable":true,"href":"https:\/\/ichthus.fr\/wordpress\/wp-json\/wp\/v2\/comments?post=33"}],"version-history":[{"count":1,"href":"https:\/\/ichthus.fr\/wordpress\/wp-json\/wp\/v2\/pages\/33\/revisions"}],"predecessor-version":[{"id":34,"href":"https:\/\/ichthus.fr\/wordpress\/wp-json\/wp\/v2\/pages\/33\/revisions\/34"}],"up":[{"embeddable":true,"href":"https:\/\/ichthus.fr\/wordpress\/wp-json\/wp\/v2\/pages\/31"}],"wp:attachment":[{"href":"https:\/\/ichthus.fr\/wordpress\/wp-json\/wp\/v2\/media?parent=33"}],"curies":[{"name":"wp","href":"https:\/\/api.w.org\/{rel}","templated":true}]}}